{"id":2591,"date":"2023-02-14T12:30:37","date_gmt":"2023-02-14T12:30:37","guid":{"rendered":"https:\/\/www.erbacher.it\/?page_id=2591"},"modified":"2025-03-22T07:34:09","modified_gmt":"2025-03-22T07:34:09","slug":"colophon","status":"publish","type":"page","link":"https:\/\/www.erbacher.it\/it\/colophon\/","title":{"rendered":"Colophon"},"content":{"rendered":"\t\t<div data-elementor-type=\"wp-page\" data-elementor-id=\"2591\" class=\"elementor elementor-2591 elementor-1454\" data-elementor-post-type=\"page\">\n\t\t\t\t\t\t<section class=\"ob-is-breaking-bad elementor-section elementor-top-section elementor-element elementor-element-c08ba51 elementor-section-full_width elementor-hidden-desktop elementor-hidden-laptop elementor-hidden-tablet_extra elementor-hidden-tablet elementor-hidden-mobile elementor-section-height-default elementor-section-height-default\" data-id=\"c08ba51\" data-element_type=\"section\" data-e-type=\"section\" data-settings=\"{&quot;_ob_bbad_use_it&quot;:&quot;yes&quot;,&quot;_ob_bbad_sssic_use&quot;:&quot;no&quot;,&quot;_ob_glider_is_slider&quot;:&quot;no&quot;}\">\n\t\t\t\t\t\t<div class=\"elementor-container elementor-column-gap-no\">\n\t\t\t\t\t<div class=\"elementor-column elementor-col-100 elementor-top-column elementor-element elementor-element-f097e08\" data-id=\"f097e08\" data-element_type=\"column\" data-e-type=\"column\" data-settings=\"{&quot;background_background&quot;:&quot;classic&quot;,&quot;_ob_bbad_is_stalker&quot;:&quot;no&quot;,&quot;_ob_teleporter_use&quot;:false,&quot;_ob_column_hoveranimator&quot;:&quot;no&quot;,&quot;_ob_column_has_pseudo&quot;:&quot;no&quot;}\">\n\t\t\t<div class=\"elementor-widget-wrap elementor-element-populated\">\n\t\t\t\t\t<div class=\"elementor-background-overlay\"><\/div>\n\t\t\t\t\t\t<div class=\"elementor-element elementor-element-411818f slider-main elementor--h-position-center elementor--v-position-middle elementor-pagination-position-inside ob-has-background-overlay elementor-widget elementor-widget-slides\" data-id=\"411818f\" data-element_type=\"widget\" data-e-type=\"widget\" data-settings=\"{&quot;navigation&quot;:&quot;dots&quot;,&quot;transition&quot;:&quot;fade&quot;,&quot;autoplay&quot;:&quot;yes&quot;,&quot;autoplay_speed&quot;:5000,&quot;infinite&quot;:&quot;yes&quot;,&quot;transition_speed&quot;:500,&quot;_ob_perspektive_use&quot;:&quot;no&quot;,&quot;_ob_poopart_use&quot;:&quot;yes&quot;,&quot;_ob_shadough_use&quot;:&quot;no&quot;,&quot;_ob_allow_hoveranimator&quot;:&quot;no&quot;,&quot;_ob_widget_stalker_use&quot;:&quot;no&quot;}\" data-widget_type=\"slides.default\">\n\t\t\t\t<div class=\"elementor-widget-container\">\n\t\t\t\t\t\t\t\t\t<div class=\"elementor-swiper\">\n\t\t\t\t\t<div class=\"elementor-slides-wrapper elementor-main-swiper swiper\" role=\"region\" aria-roledescription=\"carousel\" aria-label=\"Slides\" dir=\"ltr\" data-animation=\"fadeInUp\">\n\t\t\t\t<div class=\"swiper-wrapper elementor-slides\">\n\t\t\t\t\t\t\t\t\t\t<div class=\"elementor-repeater-item-6273906 swiper-slide\" role=\"group\" aria-roledescription=\"slide\"><div class=\"swiper-slide-bg\" role=\"img\" aria-label=\"Home_Startbild_HQ_St Magdalena_63A9120\"><\/div><div class=\"swiper-slide-inner\" ><div class=\"swiper-slide-contents\"><\/div><\/div><\/div>\t\t\t\t<\/div>\n\t\t\t\t\t\t\t<\/div>\n\t\t\t\t<\/div>\n\t\t\t\t\t\t\t\t<\/div>\n\t\t\t\t<\/div>\n\t\t\t\t\t<\/div>\n\t\t<\/div>\n\t\t\t\t\t<\/div>\n\t\t<\/section>\n\t\t\t\t<section class=\"ob-is-breaking-bad elementor-section elementor-top-section elementor-element elementor-element-fef9e95 elementor-section-full_width elementor-section-height-default elementor-section-height-default\" data-id=\"fef9e95\" data-element_type=\"section\" data-e-type=\"section\" data-settings=\"{&quot;background_background&quot;:&quot;classic&quot;,&quot;_ob_bbad_use_it&quot;:&quot;yes&quot;,&quot;_ob_bbad_sssic_use&quot;:&quot;no&quot;,&quot;_ob_glider_is_slider&quot;:&quot;no&quot;}\">\n\t\t\t\t\t\t\t<div class=\"elementor-background-overlay\"><\/div>\n\t\t\t\t\t\t\t<div class=\"elementor-container elementor-column-gap-no\">\n\t\t\t\t\t<div class=\"elementor-column elementor-col-100 elementor-top-column elementor-element elementor-element-d3de2f1\" data-id=\"d3de2f1\" data-element_type=\"column\" data-e-type=\"column\" data-settings=\"{&quot;_ob_bbad_is_stalker&quot;:&quot;no&quot;,&quot;_ob_teleporter_use&quot;:false,&quot;_ob_column_hoveranimator&quot;:&quot;no&quot;,&quot;_ob_column_has_pseudo&quot;:&quot;no&quot;}\">\n\t\t\t<div class=\"elementor-widget-wrap elementor-element-populated\">\n\t\t\t\t\t\t<div class=\"elementor-element elementor-element-64da5ee elementor-view-default ob-has-background-overlay elementor-widget elementor-widget-icon\" data-id=\"64da5ee\" data-element_type=\"widget\" data-e-type=\"widget\" data-settings=\"{&quot;_ob_perspektive_use&quot;:&quot;no&quot;,&quot;_ob_poopart_use&quot;:&quot;yes&quot;,&quot;_ob_shadough_use&quot;:&quot;no&quot;,&quot;_ob_allow_hoveranimator&quot;:&quot;no&quot;,&quot;_ob_widget_stalker_use&quot;:&quot;no&quot;}\" data-widget_type=\"icon.default\">\n\t\t\t\t<div class=\"elementor-widget-container\">\n\t\t\t\t\t\t\t<div class=\"elementor-icon-wrapper\">\n\t\t\t<div class=\"elementor-icon\">\n\t\t\t<svg xmlns=\"http:\/\/www.w3.org\/2000\/svg\" xmlns:xlink=\"http:\/\/www.w3.org\/1999\/xlink\" id=\"Ebene_1\" x=\"0px\" y=\"0px\" viewBox=\"0 0 91.6 79.3\" style=\"enable-background:new 0 0 91.6 79.3;\" xml:space=\"preserve\"> <g id=\"fce3c64e-4b0d-4df9-8e54-b9819484d9a5\"> <g id=\"a7792171-bec9-44b5-ac90-c68b6ba4b512\"> <path id=\"a261509f-668c-4bb4-9170-68f674473f99\" d=\"M59.7,26.5C59.2,16.3,53.6,6.7,46,0.1C45.9,0,45.9,0,45.8,0l0,0 c-0.1,0-0.2,0-0.2,0.1C38,6.7,32.4,16.3,31.9,26.5C31,38,37.5,48.2,45.4,56c0.1,0.1,0.3,0.2,0.4,0.3c0.2-0.1,0.3-0.2,0.4-0.3 C54.1,48.2,60.6,38,59.7,26.5\"><\/path> <path id=\"a63f2d7f-2c27-41bc-8e6b-dcc4c3417f80\" d=\"M82.5,67.9c6.8-7.5,9.7-18.3,9-28.3c0-0.1-0.1-0.2-0.1-0.2l0,0 c-0.1-0.1-0.1-0.1-0.2-0.1c-10-0.7-20.8,2.2-28.3,9c-8.8,7.5-11.4,19.3-11.4,30.4c-0.1,0.2,0,0.5,0.2,0.6c0.1,0.1,0.3,0.1,0.4,0 C63.1,79.2,74.9,76.6,82.5,67.9\"><\/path> <path id=\"aa50f8d6-0d2c-46dc-a80d-56c2d3420992\" d=\"M9.1,67.9c-6.8-7.5-9.7-18.3-9-28.3c0-0.1,0.1-0.2,0.1-0.2l0,0 c0.1-0.1,0.1-0.1,0.2-0.1c10-0.7,20.8,2.2,28.3,9c8.8,7.5,11.4,19.3,11.4,30.4c0,0.2,0,0.4-0.1,0.5c-0.2,0.1-0.3,0.1-0.5,0.1 C28.4,79.2,16.6,76.6,9.1,67.9\"><\/path> <\/g> <\/g> <\/svg>\t\t\t<\/div>\n\t\t<\/div>\n\t\t\t\t\t\t<\/div>\n\t\t\t\t<\/div>\n\t\t\t\t<div class=\"elementor-element elementor-element-804c2a3 ob-harakiri-inherit ob-has-background-overlay elementor-widget elementor-widget-heading\" data-id=\"804c2a3\" data-element_type=\"widget\" data-e-type=\"widget\" data-settings=\"{&quot;_ob_use_harakiri&quot;:&quot;yes&quot;,&quot;_ob_harakiri_writing_mode&quot;:&quot;inherit&quot;,&quot;_ob_harakiri_text_clip&quot;:&quot;none&quot;,&quot;_ob_perspektive_use&quot;:&quot;no&quot;,&quot;_ob_poopart_use&quot;:&quot;yes&quot;,&quot;_ob_shadough_use&quot;:&quot;no&quot;,&quot;_ob_allow_hoveranimator&quot;:&quot;no&quot;,&quot;_ob_widget_stalker_use&quot;:&quot;no&quot;}\" data-widget_type=\"heading.default\">\n\t\t\t\t<div class=\"elementor-widget-container\">\n\t\t\t\t\t<h1 class=\"elementor-heading-title elementor-size-default\">Colophon<\/h1>\t\t\t\t<\/div>\n\t\t\t\t<\/div>\n\t\t\t\t<div class=\"elementor-element elementor-element-5a11c72 ob-harakiri-inherit ob-has-background-overlay elementor-widget elementor-widget-text-editor\" data-id=\"5a11c72\" data-element_type=\"widget\" data-e-type=\"widget\" data-settings=\"{&quot;_ob_use_harakiri&quot;:&quot;yes&quot;,&quot;_ob_harakiri_writing_mode&quot;:&quot;inherit&quot;,&quot;_ob_postman_use&quot;:&quot;no&quot;,&quot;_ob_perspektive_use&quot;:&quot;no&quot;,&quot;_ob_poopart_use&quot;:&quot;yes&quot;,&quot;_ob_shadough_use&quot;:&quot;no&quot;,&quot;_ob_allow_hoveranimator&quot;:&quot;no&quot;,&quot;_ob_widget_stalker_use&quot;:&quot;no&quot;}\" data-widget_type=\"text-editor.default\">\n\t\t\t\t<div class=\"elementor-widget-container\">\n\t\t\t\t\t\t\t\t\t<p><b>ERBACHERHOF<br \/><\/b><strong>Famiglia Plattner<\/strong><br \/>Via Rencio 28\/A<br \/>39100 Bolzano<br \/>Alto Adige &#8211; Italia<\/p><p>P. IVA IT02377020215<br \/>Codice Destinatario: 7035UR5<br \/>PEC Mail: renate.plattner@pec.sbb.it<br \/>REA n\u00b0 BZ-: BZ-214600<br \/>CIN: IT021008B5YGSOLFTE<\/p><p><a href=\"tel:393427776381\" rel=\"\">+39 342 7776381<\/a><br \/><a href=\"mailto:info@erbacher.it\">info@erbacher.it<\/a><br \/><a href=\"http:\/\/www.erbacher.it\">www.erbacher.it<\/a><\/p><p><strong><br \/>IMMAGINI E GRAFICHE<\/strong><\/p><p>\u00a9 Famiglia Plattner<br \/>\u00a9 Anna Cerrato<br \/>\u00a9 Alan Bianchi<br \/>\u00a9 IDM S\u00fcdtirol-Manuel Ferrigato<br \/>\u00a9 IDM S\u00fcdtirol-Alex Filz<br \/>\u00a9 IDM S\u00fcdtirol-Daniel Geiger<br \/>\u00a9 IDM S\u00fcdtirol-Thomas Gr\u00fcner<br \/>\u00a9 IDM S\u00fcdtirol-Tobias Kaser<br \/>\u00a9 IDM S\u00fcdtirol-Andreas Mierswa<br \/>\u00a9 IDM S\u00fcdtirol-Benjamin Pfitscher<br \/>\u00a9 IDM S\u00fcdtirol-Manuela Tessaro<br \/>\u00a9 Adobe Stock<br \/>\u00a9 Gallo Rosso<br \/>\u00a9 Renderings Projectteam-\u00a0 Bozen<\/p><p><strong><br \/>RISOLUZIONE DELLE CONTROVERSIE<\/strong><\/p><p>Informazioni obbligatorie ai sensi del Regolamento UE n. 524\/2013 del Parlamento e Consiglio europeo. Piattaforma per la risoluzione online delle controversie (ODR) della Commissione europea: <a href=\"https:\/\/ec.europa.eu\/consumers\/odr\/main\/?event=main.trader.register\">https:\/\/ec.europa.eu\/consumers\/odr\/main\/?event=main.trader.register<\/a><\/p><p><strong><br \/>CONCETTO E REALIZZAZIONE<\/strong><\/p><p>muwit d. sandra stablum<br \/>Citt\u00e1 Alta 60<br \/>39043 Chiusa<\/p><p>Tel. +39 347 1330206<br \/>Part. IVA 02730810211<br \/>Cod. fisc. STB SDR 88 A44 B160 S<\/p><p><a href=\"mailto:info@muwit.it\">info@muwit.it<\/a><br \/><a href=\"http:\/\/www.muwit.it\/\">www.muwit.it<\/a><\/p><p><strong><br \/>RESPONSABILE PER IL CONTENUTO\u00a0<\/strong><\/p><p>Plattner Greti &#8211; Erbacher<\/p><p><strong><br \/>DICHIARAZIONE LIBERATORIA<\/strong><\/p><p><strong>RESPONSABILITA\u2019 PER I CONTENUTI<\/strong><\/p><p>I contenuti delle nostre pagine sono stati redatti, elaborati e controllati scrupolosamente. Tuttavia, non ci assumiamo nessuna responsabilit\u00e0 per la correttezza, qualit\u00e0, completezza e attualit\u00e0 dei contenuti, poich\u00e9 non \u00e8 da escludere che siano cambiati nel tempo. Come prestatori di servizi siamo responsabili per i contenuti di queste pagine in base alla normativa vigente. Nella nostra qualit\u00e0 di prestatori di servizi non siamo per\u00f2 obbligati a controllare l\u2019esattezza di informazioni ricevute o salvate da terzi, o a controllare se sussistano irregolarit\u00e0 che indichino un\u2019attivit\u00e0 illegale. L\u2019obbligo di rimuovere o bloccare l\u2019utilizzo di informazioni secondo la normativa vigente rimane valido. L\u2019assunzione di tale responsabilit\u00e0 \u00e8 tuttavia possibile solamente dopo il momento dell\u2019effettivo riconoscimento da parte nostra di una concreta violazione di diritto. Alla presa d\u2019atto di tali violazioni di legge provvederemo immediatamente alla rimozione dei contenuti in questione.<\/p><p>Si escludono di principio le rivendicazioni di responsabilit\u00e0 di qualsiasi tipo causate dall\u2019utilizzo di informazioni messe a disposizione, oppure da informazioni errate e\/o incomplete.<\/p><p><strong><br \/>RESPONSABILITA\u2019 PER I LINK<\/strong><\/p><p>La nostra offerta contiene dei collegamenti ipertestuali con siti web esterni di terzi, sui cui contenuti non possiamo influire. Per questo motivo non forniamo nessuna garanzia sui contenuti dei siti web linkati, indipendentemente dal tipo e dalla natura. Ne \u00e8 responsabile solamente il relativo proprietario o gestore del sito. Un controllo permanente dei contenuti dei siti linkati al presente non \u00e8 fattibile senza concreti punti di riferimento. All\u2019avvenuta conoscenza d\u2019infrazioni contro la legge causate dai siti web linkati, i link in questione saranno subito rimossi.<\/p><p><strong><br \/>COPYRIGHT<\/strong><\/p><p>Tutti i contenuti e le opere creati dal web designer e dai gestori del sito sono protetti da copyright. La riproduzione, l\u2019alterazione, la distribuzione e qualsiasi forma di utilizzo, soprattutto per scopi commerciali, al di fuori dei limiti del diritto d\u2019autore, sono severamente vietate e ammesse esclusivamente previa autorizzazione scritta del relativo autore o creatore. Nel caso i contenuti di questa pagina non siano stati creati dal gestore, sono da rispettare i diritti di copyright di terzi. I contenuti redatti da terzi sono contrassegnati come tali. In caso doveste notare una violazione del copyright, vi preghiamo gentilmente di farci pervenire un\u2019apposita segnalazione. All\u2019atto di presa di conoscenza di tali violazioni di legge, i contenuti in questione saranno naturalmente rimossi subito, senza per\u00f2 assumerne nessuna responsabilit\u00e0.<\/p>\t\t\t\t\t\t\t\t<\/div>\n\t\t\t\t<\/div>\n\t\t\t\t\t<\/div>\n\t\t<\/div>\n\t\t\t\t\t<\/div>\n\t\t<\/section>\n\t\t\t\t<\/div>\n\t\t","protected":false},"excerpt":{"rendered":"<p>Colophon ERBACHERHOFFamiglia PlattnerVia Rencio 28\/A39100 BolzanoAlto Adige &#8211; Italia P. IVA IT02377020215Codice Destinatario: 7035UR5PEC Mail: renate.plattner@pec.sbb.itREA n\u00b0 BZ-: BZ-214600CIN: IT021008B5YGSOLFTE +39 342 7776381info@erbacher.itwww.erbacher.it IMMAGINI E GRAFICHE \u00a9 Famiglia Plattner\u00a9 Anna Cerrato\u00a9 Alan Bianchi\u00a9 IDM S\u00fcdtirol-Manuel Ferrigato\u00a9 IDM S\u00fcdtirol-Alex Filz\u00a9 IDM S\u00fcdtirol-Daniel Geiger\u00a9 IDM S\u00fcdtirol-Thomas Gr\u00fcner\u00a9 IDM S\u00fcdtirol-Tobias Kaser\u00a9 IDM S\u00fcdtirol-Andreas Mierswa\u00a9 IDM S\u00fcdtirol-Benjamin Pfitscher\u00a9 IDM [&hellip;]<\/p>\n","protected":false},"author":1,"featured_media":0,"parent":0,"menu_order":0,"comment_status":"closed","ping_status":"closed","template":"","meta":{"footnotes":""},"class_list":["post-2591","page","type-page","status-publish","hentry"],"yoast_head":"<!-- This site is optimized with the Yoast SEO plugin v26.9 - https:\/\/yoast.com\/product\/yoast-seo-wordpress\/ -->\n<title>Colophon - Maso Erbacher - Bolzano<\/title>\n<meta name=\"description\" content=\"Godetevi una vacanza immersi nel verde nel cuore dell&#039;Alto Adige. Maso Erbacher - Famiglia Plattner - Via Rencio 26, Bolzano - Alto Adige\" \/>\n<meta name=\"robots\" content=\"noindex, follow\" \/>\n<meta property=\"og:locale\" content=\"it_IT\" \/>\n<meta property=\"og:type\" content=\"article\" \/>\n<meta property=\"og:title\" content=\"Colophon - Maso Erbacher - Bolzano\" \/>\n<meta property=\"og:description\" content=\"Godetevi una vacanza immersi nel verde nel cuore dell&#039;Alto Adige. Maso Erbacher - Famiglia Plattner - Via Rencio 26, Bolzano - Alto Adige\" \/>\n<meta property=\"og:url\" content=\"https:\/\/www.erbacher.it\/it\/colophon\/\" \/>\n<meta property=\"og:site_name\" content=\"Erbacherhof - Ferienwohnungen im Weinberg - Bozen\" \/>\n<meta property=\"article:publisher\" content=\"https:\/\/www.facebook.com\/erbacherliving\" \/>\n<meta property=\"article:modified_time\" content=\"2025-03-22T07:34:09+00:00\" \/>\n<meta name=\"twitter:card\" content=\"summary_large_image\" \/>\n<meta name=\"twitter:label1\" content=\"Tempo di lettura stimato\" \/>\n\t<meta name=\"twitter:data1\" content=\"3 minuti\" \/>\n<script type=\"application\/ld+json\" class=\"yoast-schema-graph\">{\"@context\":\"https:\/\/schema.org\",\"@graph\":[{\"@type\":\"WebPage\",\"@id\":\"https:\/\/www.erbacher.it\/it\/colophon\/\",\"url\":\"https:\/\/www.erbacher.it\/it\/colophon\/\",\"name\":\"Colophon - Maso Erbacher - Bolzano\",\"isPartOf\":{\"@id\":\"https:\/\/www.erbacher.it\/#website\"},\"datePublished\":\"2023-02-14T12:30:37+00:00\",\"dateModified\":\"2025-03-22T07:34:09+00:00\",\"description\":\"Godetevi una vacanza immersi nel verde nel cuore dell'Alto Adige. Maso Erbacher - Famiglia Plattner - Via Rencio 26, Bolzano - Alto Adige\",\"breadcrumb\":{\"@id\":\"https:\/\/www.erbacher.it\/it\/colophon\/#breadcrumb\"},\"inLanguage\":\"it-IT\",\"potentialAction\":[{\"@type\":\"ReadAction\",\"target\":[\"https:\/\/www.erbacher.it\/it\/colophon\/\"]}]},{\"@type\":\"BreadcrumbList\",\"@id\":\"https:\/\/www.erbacher.it\/it\/colophon\/#breadcrumb\",\"itemListElement\":[{\"@type\":\"ListItem\",\"position\":1,\"name\":\"Startseite\",\"item\":\"https:\/\/www.erbacher.it\/\"},{\"@type\":\"ListItem\",\"position\":2,\"name\":\"Colophon\"}]},{\"@type\":\"WebSite\",\"@id\":\"https:\/\/www.erbacher.it\/#website\",\"url\":\"https:\/\/www.erbacher.it\/\",\"name\":\"Erbacherhof - Ferienwohnungen im Weinberg - Bozen\",\"description\":\"Erbacherhof in Bozen\",\"publisher\":{\"@id\":\"https:\/\/www.erbacher.it\/#organization\"},\"potentialAction\":[{\"@type\":\"SearchAction\",\"target\":{\"@type\":\"EntryPoint\",\"urlTemplate\":\"https:\/\/www.erbacher.it\/?s={search_term_string}\"},\"query-input\":{\"@type\":\"PropertyValueSpecification\",\"valueRequired\":true,\"valueName\":\"search_term_string\"}}],\"inLanguage\":\"it-IT\"},{\"@type\":\"Organization\",\"@id\":\"https:\/\/www.erbacher.it\/#organization\",\"name\":\"Erbacher\",\"url\":\"https:\/\/www.erbacher.it\/\",\"logo\":{\"@type\":\"ImageObject\",\"inLanguage\":\"it-IT\",\"@id\":\"https:\/\/www.erbacher.it\/#\/schema\/logo\/image\/\",\"url\":\"https:\/\/www.erbacher.it\/wp-content\/uploads\/2022\/08\/Logo-Erbacherhof.svg\",\"contentUrl\":\"https:\/\/www.erbacher.it\/wp-content\/uploads\/2022\/08\/Logo-Erbacherhof.svg\",\"width\":262,\"height\":262,\"caption\":\"Erbacher\"},\"image\":{\"@id\":\"https:\/\/www.erbacher.it\/#\/schema\/logo\/image\/\"},\"sameAs\":[\"https:\/\/www.facebook.com\/erbacherliving\",\"https:\/\/www.instagram.com\/erbacher_livingnature\"]}]}<\/script>\n<!-- \/ Yoast SEO plugin. -->","yoast_head_json":{"title":"Colophon - Maso Erbacher - Bolzano","description":"Godetevi una vacanza immersi nel verde nel cuore dell'Alto Adige. Maso Erbacher - Famiglia Plattner - Via Rencio 26, Bolzano - Alto Adige","robots":{"index":"noindex","follow":"follow"},"og_locale":"it_IT","og_type":"article","og_title":"Colophon - Maso Erbacher - Bolzano","og_description":"Godetevi una vacanza immersi nel verde nel cuore dell'Alto Adige. Maso Erbacher - Famiglia Plattner - Via Rencio 26, Bolzano - Alto Adige","og_url":"https:\/\/www.erbacher.it\/it\/colophon\/","og_site_name":"Erbacherhof - Ferienwohnungen im Weinberg - Bozen","article_publisher":"https:\/\/www.facebook.com\/erbacherliving","article_modified_time":"2025-03-22T07:34:09+00:00","twitter_card":"summary_large_image","twitter_misc":{"Tempo di lettura stimato":"3 minuti"},"schema":{"@context":"https:\/\/schema.org","@graph":[{"@type":"WebPage","@id":"https:\/\/www.erbacher.it\/it\/colophon\/","url":"https:\/\/www.erbacher.it\/it\/colophon\/","name":"Colophon - Maso Erbacher - Bolzano","isPartOf":{"@id":"https:\/\/www.erbacher.it\/#website"},"datePublished":"2023-02-14T12:30:37+00:00","dateModified":"2025-03-22T07:34:09+00:00","description":"Godetevi una vacanza immersi nel verde nel cuore dell'Alto Adige. Maso Erbacher - Famiglia Plattner - Via Rencio 26, Bolzano - Alto Adige","breadcrumb":{"@id":"https:\/\/www.erbacher.it\/it\/colophon\/#breadcrumb"},"inLanguage":"it-IT","potentialAction":[{"@type":"ReadAction","target":["https:\/\/www.erbacher.it\/it\/colophon\/"]}]},{"@type":"BreadcrumbList","@id":"https:\/\/www.erbacher.it\/it\/colophon\/#breadcrumb","itemListElement":[{"@type":"ListItem","position":1,"name":"Startseite","item":"https:\/\/www.erbacher.it\/"},{"@type":"ListItem","position":2,"name":"Colophon"}]},{"@type":"WebSite","@id":"https:\/\/www.erbacher.it\/#website","url":"https:\/\/www.erbacher.it\/","name":"Erbacherhof - Ferienwohnungen im Weinberg - Bozen","description":"Erbacherhof in Bozen","publisher":{"@id":"https:\/\/www.erbacher.it\/#organization"},"potentialAction":[{"@type":"SearchAction","target":{"@type":"EntryPoint","urlTemplate":"https:\/\/www.erbacher.it\/?s={search_term_string}"},"query-input":{"@type":"PropertyValueSpecification","valueRequired":true,"valueName":"search_term_string"}}],"inLanguage":"it-IT"},{"@type":"Organization","@id":"https:\/\/www.erbacher.it\/#organization","name":"Erbacher","url":"https:\/\/www.erbacher.it\/","logo":{"@type":"ImageObject","inLanguage":"it-IT","@id":"https:\/\/www.erbacher.it\/#\/schema\/logo\/image\/","url":"https:\/\/www.erbacher.it\/wp-content\/uploads\/2022\/08\/Logo-Erbacherhof.svg","contentUrl":"https:\/\/www.erbacher.it\/wp-content\/uploads\/2022\/08\/Logo-Erbacherhof.svg","width":262,"height":262,"caption":"Erbacher"},"image":{"@id":"https:\/\/www.erbacher.it\/#\/schema\/logo\/image\/"},"sameAs":["https:\/\/www.facebook.com\/erbacherliving","https:\/\/www.instagram.com\/erbacher_livingnature"]}]}},"_links":{"self":[{"href":"https:\/\/www.erbacher.it\/it\/wp-json\/wp\/v2\/pages\/2591","targetHints":{"allow":["GET"]}}],"collection":[{"href":"https:\/\/www.erbacher.it\/it\/wp-json\/wp\/v2\/pages"}],"about":[{"href":"https:\/\/www.erbacher.it\/it\/wp-json\/wp\/v2\/types\/page"}],"author":[{"embeddable":true,"href":"https:\/\/www.erbacher.it\/it\/wp-json\/wp\/v2\/users\/1"}],"replies":[{"embeddable":true,"href":"https:\/\/www.erbacher.it\/it\/wp-json\/wp\/v2\/comments?post=2591"}],"version-history":[{"count":0,"href":"https:\/\/www.erbacher.it\/it\/wp-json\/wp\/v2\/pages\/2591\/revisions"}],"wp:attachment":[{"href":"https:\/\/www.erbacher.it\/it\/wp-json\/wp\/v2\/media?parent=2591"}],"curies":[{"name":"wp","href":"https:\/\/api.w.org\/{rel}","templated":true}]}}